{"id":8909,"date":"2025-12-09T12:53:21","date_gmt":"2025-12-09T15:53:21","guid":{"rendered":"https:\/\/brunasilverio.com.br\/site\/?post_type=product&#038;p=8909"},"modified":"2026-04-08T08:26:59","modified_gmt":"2026-04-08T11:26:59","slug":"sandalia-branca-verniz-bananinha-strass","status":"publish","type":"product","link":"https:\/\/brunasilverio.com.br\/site\/produto\/sandalia-branca-verniz-bananinha-strass\/","title":{"rendered":"Sand\u00e1lia Branca Verniz Bananinha Strass Bico Folha Salto Agulha 10cm"},"content":{"rendered":"<div class=\"sc-kwDKJy kFsUwx\">\n<p><span class=\"characteristic-name\">Primordialmente a Sand\u00e1lia Branca Verniz Bananinha Strass<\/span>, traz cabedal em verniz, com\u00a0 salto alto agulha 10cm e bico folha. Sand\u00e1lia aberta, com fecho lateral, bem como traz cabedal em tira fina com bananinha cravejada de strass valorizando todo o peito do p\u00e9, formato ajustado nas laterais. Com o interior na cor do cabedal juntamente com exibi\u00e7\u00e3o da Logo em hotstamping na cor branco. Ainda assim, exibe todo o peito do p\u00e9. Combinando eleg\u00e2ncia simples com linhas limpas, <span class=\"characteristic-name\">a Sand\u00e1lia Branca Verniz Bananinha Strass<\/span><span class=\"characteristic-name\">\u00a0<\/span><span class=\"characteristic-name\">\u00e9<\/span> Cl\u00e1ssica que sem d\u00favida ser\u00e1 um verdadeiro \u00edcone no Closet de qualquer mulher. O modelo conta com um corte cavado que envolve suavemente o p\u00e9, mergulhando at\u00e9 um decote frontal revelador que termina em um belo bico folha estruturado com design elegante. A parte superior traseira esbanja sofistica\u00e7\u00e3o, contando com um salto agulha de 10 cm que alonga qualquer silhueta.<\/p>\n<h4 class=\"general-info__title\">POR QUE APOSTAR?<\/h4>\n<div class=\"general-info__children\"><span dir=\"auto\" style=\"vertical-align: inherit;\"><span dir=\"auto\" style=\"vertical-align: inherit;\">Primeiramente a <\/span><\/span><span class=\"characteristic-name\"><span dir=\"auto\" style=\"vertical-align: inherit;\"><span dir=\"auto\" style=\"vertical-align: inherit;\">\u00a0Sand\u00e1lia Branca Verniz Bananinha Strass<\/span><\/span><\/span><span dir=\"auto\" style=\"vertical-align: inherit;\"><span dir=\"auto\" style=\"vertical-align: inherit;\"> \u00e9 cl\u00e1ssica, que combina com os mais variados estilos e ocasi\u00f5es! Vers\u00e1til, ela aparece em v\u00e1rios tons, seguindo as tend\u00eancias da temporada. Aquele item atemporal para se ter sempre em seu Closet, ainda mais que vai bem com qualquer look, do mais simples como o Jeans ao look de gala.<\/span><\/span><\/div>\n<\/div>\n<div><\/div>\n<div>\n<h4>DICAS IMPORTANTES:<\/h4>\n<ul>\n<li><strong>N\u00e3o me\u00e7a seu p\u00e9 estando cal\u00e7ado<\/strong>.<\/li>\n<li>Tome como base sua sapateira se nela contem mais sapatinhos 36, compre sempre o 36.<\/li>\n<li>Antes de uma ocasi\u00e3o importante,\u00a0<strong>recomendamos cal\u00e7ar seu sapatinho rec\u00e9m adquirido com uma meia fina <\/strong>e andar com ele pela casa.<\/li>\n<li><strong><span dir=\"auto\" style=\"vertical-align: inherit;\"><span dir=\"auto\" style=\"vertical-align: inherit;\">Em hip\u00f3tese alguma compre um sapatinho em tamanho menor<\/span><\/span><\/strong><span dir=\"auto\" style=\"vertical-align: inherit;\"><span dir=\"auto\" style=\"vertical-align: inherit;\"> que voc\u00ea est\u00e1 acostumado a cal\u00e7ar.<\/span><\/span><\/li>\n<\/ul>\n<p><span dir=\"auto\" style=\"vertical-align: inherit;\"><span dir=\"auto\" style=\"vertical-align: inherit;\"><span dir=\"auto\" style=\"vertical-align: inherit;\"><span dir=\"auto\" style=\"vertical-align: inherit;\"><span dir=\"auto\" style=\"vertical-align: inherit;\"><span dir=\"auto\" style=\"vertical-align: inherit;\"><span dir=\"auto\" style=\"vertical-align: inherit;\"><span dir=\"auto\" style=\"vertical-align: inherit;\">Noivinhas e Debutantes, sabemos que o grande dia tem que ser muito especial, diante disso n\u00e3o se prenda a est\u00e9tica do salto 12cm, A princ\u00edpio aposte no salto 10cm que lhe trar\u00e1 sofistica\u00e7\u00e3o e conforto para aproveitar seu dia t\u00e3o especial.<\/span><\/span><\/span><\/span><\/span><\/span><\/span><\/span><\/p>\n<h4>DETALHES DO PRODUTO<\/h4>\n<\/div>\n<p><span class=\"characteristic-name\">Material:<\/span> Verniz<\/p>\n<div class=\"sc-kJQYTp glMtMY\">\n<div class=\"sc-kwDKJy kFsUwx\">\n<div class=\"general-info__children\">\n<p data-testid=\"ta-product-details__color\"><span class=\"characteristic-name\">Cor:<\/span> Branco Verniz<\/p>\n<p data-testid=\"ta-product-details__heel-size\"><span class=\"characteristic-name\">Altura do salto na Foto:<\/span> 10cm<\/p>\n<p class=\"characteristic-description__highlight-text\" data-testid=\"ta-product-information__SKU\"><span class=\"characteristic-name\">Refer\u00eancia: 2023001-561<\/span><\/p>\n<\/div>\n<\/div>\n<\/div>\n","protected":false},"excerpt":{"rendered":"<p><span class=\"characteristic-name\">A Sand\u00e1lia Branca Verniz Bananinha Strass,<\/span> conta com\u00a0 salto alto agulha 10cm e bico folha. Sand\u00e1lia aberta, traz cabedal com recorte arredondado e cavado exibindo todo o peito do p\u00e9 e levemente o inicio dos dedos, formato ajustado nas laterais. Com o interior na cor do cabedal e exibi\u00e7\u00e3o da Logo em hotstamping na cor branca.<\/p>\n","protected":false},"featured_media":8917,"template":"","meta":{"ocean_post_layout":"","ocean_both_sidebars_style":"","ocean_both_sidebars_content_width":0,"ocean_both_sidebars_sidebars_width":0,"ocean_sidebar":"0","ocean_second_sidebar":"0","ocean_disable_margins":"enable","ocean_add_body_class":"","ocean_shortcode_before_top_bar":"","ocean_shortcode_after_top_bar":"","ocean_shortcode_before_header":"","ocean_shortcode_after_header":"","ocean_has_shortcode":"","ocean_shortcode_after_title":"","ocean_shortcode_before_footer_widgets":"","ocean_shortcode_after_footer_widgets":"","ocean_shortcode_before_footer_bottom":"","ocean_shortcode_after_footer_bottom":"","ocean_display_top_bar":"default","ocean_display_header":"default","ocean_header_style":"","ocean_center_header_left_menu":"0","ocean_custom_header_template":"0","ocean_custom_logo":0,"ocean_custom_retina_logo":0,"ocean_custom_logo_max_width":0,"ocean_custom_logo_tablet_max_width":0,"ocean_custom_logo_mobile_max_width":0,"ocean_custom_logo_max_height":0,"ocean_custom_logo_tablet_max_height":0,"ocean_custom_logo_mobile_max_height":0,"ocean_header_custom_menu":"0","ocean_menu_typo_font_family":"0","ocean_menu_typo_font_subset":"","ocean_menu_typo_font_size":0,"ocean_menu_typo_font_size_tablet":0,"ocean_menu_typo_font_size_mobile":0,"ocean_menu_typo_font_size_unit":"px","ocean_menu_typo_font_weight":"","ocean_menu_typo_font_weight_tablet":"","ocean_menu_typo_font_weight_mobile":"","ocean_menu_typo_transform":"","ocean_menu_typo_transform_tablet":"","ocean_menu_typo_transform_mobile":"","ocean_menu_typo_line_height":0,"ocean_menu_typo_line_height_tablet":0,"ocean_menu_typo_line_height_mobile":0,"ocean_menu_typo_line_height_unit":"","ocean_menu_typo_spacing":0,"ocean_menu_typo_spacing_tablet":0,"ocean_menu_typo_spacing_mobile":0,"ocean_menu_typo_spacing_unit":"","ocean_menu_link_color":"","ocean_menu_link_color_hover":"","ocean_menu_link_color_active":"","ocean_menu_link_background":"","ocean_menu_link_hover_background":"","ocean_menu_link_active_background":"","ocean_menu_social_links_bg":"","ocean_menu_social_hover_links_bg":"","ocean_menu_social_links_color":"","ocean_menu_social_hover_links_color":"","ocean_disable_title":"on","ocean_disable_heading":"default","ocean_post_title":"","ocean_post_subheading":"","ocean_post_title_style":"","ocean_post_title_background_color":"","ocean_post_title_background":0,"ocean_post_title_bg_image_position":"","ocean_post_title_bg_image_attachment":"","ocean_post_title_bg_image_repeat":"","ocean_post_title_bg_image_size":"","ocean_post_title_height":0,"ocean_post_title_bg_overlay":0.5,"ocean_post_title_bg_overlay_color":"","ocean_disable_breadcrumbs":"default","ocean_breadcrumbs_color":"","ocean_breadcrumbs_separator_color":"","ocean_breadcrumbs_links_color":"","ocean_breadcrumbs_links_hover_color":"","ocean_display_footer_widgets":"default","ocean_display_footer_bottom":"default","ocean_custom_footer_template":"0","_joinchat":[]},"product_brand":[327],"product_cat":[15,25,33],"product_tag":[16,328,66,290,277,276,80,278],"class_list":{"0":"post-8909","1":"product","2":"type-product","3":"status-publish","4":"has-post-thumbnail","6":"product_brand-bs-brasil","7":"product_cat-ver-todos","8":"product_cat-pronta-entrega","9":"product_cat-sandal","10":"product_tag-10cm","11":"product_tag-bico-folha","12":"product_tag-branco","13":"product_tag-branco-verniz","14":"product_tag-salto-alto","15":"product_tag-salto-baixo","16":"product_tag-sandalia","17":"product_tag-sapato","18":"product_shipping_class-pronta-entrega","20":"entry","21":"has-media","23":"first","24":"instock","25":"sale","26":"shipping-taxable","27":"purchasable","28":"product-type-variable","29":"has-default-attributes","30":"col","31":"span_1_of_4","32":"owp-content-center","33":"owp-thumbs-layout-horizontal","34":"owp-btn-big","35":"owp-tabs-layout-section"},"yoast_head":"<!-- This site is optimized with the Yoast SEO plugin v27.5 - https:\/\/yoast.com\/product\/yoast-seo-wordpress\/ -->\n<title>Sand\u00e1lia Branca Verniz Bananinha Strass Bico Folha Salto Agulha 10cm BS BRUNA SILVERIO -<\/title>\n<meta name=\"description\" content=\"Sapato feminino modelo sand\u00e1lia de salto alto agulha 10cm, bico folha. Sand\u00e1lia Branca Verniz Bananinha Strass, modelo estruturado com design elegante.\" \/>\n<meta name=\"robots\" content=\"index, follow, max-snippet:-1, max-image-preview:large, max-video-preview:-1\" \/>\n<link rel=\"canonical\" href=\"https:\/\/brunasilverio.com.br\/site\/produto\/sandalia-branca-verniz-bananinha-strass\/\" \/>\n<meta property=\"og:locale\" content=\"pt_BR\" \/>\n<meta property=\"og:type\" content=\"article\" \/>\n<meta property=\"og:title\" content=\"Sand\u00e1lia Branca Verniz Bananinha Strass Bico Folha Salto Agulha 10cm\" \/>\n<meta property=\"og:description\" content=\"A Sand\u00e1lia Branca Verniz Bananinha Strass, conta com\u00a0 salto alto agulha 10cm e bico folha. Sand\u00e1lia aberta, traz cabedal com recorte arredondado e cavado exibindo todo o peito do p\u00e9 e levemente o inicio dos dedos, formato ajustado nas laterais. Com o interior na cor do cabedal e exibi\u00e7\u00e3o da Logo em hotstamping na cor branca.\" \/>\n<meta property=\"og:url\" content=\"https:\/\/brunasilverio.com.br\/site\/produto\/sandalia-branca-verniz-bananinha-strass\/\" \/>\n<meta property=\"og:site_name\" content=\"BS BRUNA SILVERIO\" \/>\n<meta property=\"article:publisher\" content=\"https:\/\/www.facebook.com\/BSBRUNASILVERIO\" \/>\n<meta property=\"article:modified_time\" content=\"2026-04-08T11:26:59+00:00\" \/>\n<meta property=\"og:image\" content=\"https:\/\/brunasilverio.com.br\/site\/wp-content\/uploads\/2025\/12\/SANDALIA-BRANCA-BANANINHA-STRASS-2.jpg\" \/>\n\t<meta property=\"og:image:width\" content=\"1440\" \/>\n\t<meta property=\"og:image:height\" content=\"1914\" \/>\n\t<meta property=\"og:image:type\" content=\"image\/jpeg\" \/>\n<meta name=\"twitter:card\" content=\"summary_large_image\" \/>\n<meta name=\"twitter:label1\" content=\"Est. tempo de leitura\" \/>\n\t<meta name=\"twitter:data1\" content=\"2 minutos\" \/>\n<script type=\"application\/ld+json\" class=\"yoast-schema-graph\">{\"@context\":\"https:\\\/\\\/schema.org\",\"@graph\":[{\"@type\":\"WebPage\",\"@id\":\"https:\\\/\\\/brunasilverio.com.br\\\/site\\\/produto\\\/sandalia-branca-verniz-bananinha-strass\\\/\",\"url\":\"https:\\\/\\\/brunasilverio.com.br\\\/site\\\/produto\\\/sandalia-branca-verniz-bananinha-strass\\\/\",\"name\":\"Sand\u00e1lia Branca Verniz Bananinha Strass Bico Folha Salto Agulha 10cm BS BRUNA SILVERIO -\",\"isPartOf\":{\"@id\":\"https:\\\/\\\/brunasilverio.com.br\\\/site\\\/#website\"},\"primaryImageOfPage\":{\"@id\":\"https:\\\/\\\/brunasilverio.com.br\\\/site\\\/produto\\\/sandalia-branca-verniz-bananinha-strass\\\/#primaryimage\"},\"image\":{\"@id\":\"https:\\\/\\\/brunasilverio.com.br\\\/site\\\/produto\\\/sandalia-branca-verniz-bananinha-strass\\\/#primaryimage\"},\"thumbnailUrl\":\"https:\\\/\\\/i0.wp.com\\\/brunasilverio.com.br\\\/site\\\/wp-content\\\/uploads\\\/2025\\\/12\\\/SANDALIA-BRANCA-BANANINHA-STRASS-2.jpg?fit=1440%2C1914&ssl=1\",\"datePublished\":\"2025-12-09T15:53:21+00:00\",\"dateModified\":\"2026-04-08T11:26:59+00:00\",\"description\":\"Sapato feminino modelo sand\u00e1lia de salto alto agulha 10cm, bico folha. Sand\u00e1lia Branca Verniz Bananinha Strass, modelo estruturado com design elegante.\",\"breadcrumb\":{\"@id\":\"https:\\\/\\\/brunasilverio.com.br\\\/site\\\/produto\\\/sandalia-branca-verniz-bananinha-strass\\\/#breadcrumb\"},\"inLanguage\":\"pt-BR\",\"potentialAction\":[{\"@type\":\"ReadAction\",\"target\":[\"https:\\\/\\\/brunasilverio.com.br\\\/site\\\/produto\\\/sandalia-branca-verniz-bananinha-strass\\\/\"]}]},{\"@type\":\"ImageObject\",\"inLanguage\":\"pt-BR\",\"@id\":\"https:\\\/\\\/brunasilverio.com.br\\\/site\\\/produto\\\/sandalia-branca-verniz-bananinha-strass\\\/#primaryimage\",\"url\":\"https:\\\/\\\/i0.wp.com\\\/brunasilverio.com.br\\\/site\\\/wp-content\\\/uploads\\\/2025\\\/12\\\/SANDALIA-BRANCA-BANANINHA-STRASS-2.jpg?fit=1440%2C1914&ssl=1\",\"contentUrl\":\"https:\\\/\\\/i0.wp.com\\\/brunasilverio.com.br\\\/site\\\/wp-content\\\/uploads\\\/2025\\\/12\\\/SANDALIA-BRANCA-BANANINHA-STRASS-2.jpg?fit=1440%2C1914&ssl=1\",\"width\":1440,\"height\":1914,\"caption\":\"SANDALIA BRANCA BANANINHA STRASS\"},{\"@type\":\"BreadcrumbList\",\"@id\":\"https:\\\/\\\/brunasilverio.com.br\\\/site\\\/produto\\\/sandalia-branca-verniz-bananinha-strass\\\/#breadcrumb\",\"itemListElement\":[{\"@type\":\"ListItem\",\"position\":1,\"name\":\"In\u00edcio\",\"item\":\"https:\\\/\\\/brunasilverio.com.br\\\/site\\\/\"},{\"@type\":\"ListItem\",\"position\":2,\"name\":\"Loja\",\"item\":\"https:\\\/\\\/brunasilverio.com.br\\\/site\\\/loja\\\/\"},{\"@type\":\"ListItem\",\"position\":3,\"name\":\"Sand\u00e1lia Branca Verniz Bananinha Strass Bico Folha Salto Agulha 10cm\"}]},{\"@type\":\"WebSite\",\"@id\":\"https:\\\/\\\/brunasilverio.com.br\\\/site\\\/#website\",\"url\":\"https:\\\/\\\/brunasilverio.com.br\\\/site\\\/\",\"name\":\"BS BRUNA SILVERIO\",\"description\":\"SCARPIN FEMININO SALTO ALTO, SALTO M\u00c9DIO E SALTO BAIXO\",\"publisher\":{\"@id\":\"https:\\\/\\\/brunasilverio.com.br\\\/site\\\/#organization\"},\"alternateName\":\"BS BRASIL\",\"potentialAction\":[{\"@type\":\"SearchAction\",\"target\":{\"@type\":\"EntryPoint\",\"urlTemplate\":\"https:\\\/\\\/brunasilverio.com.br\\\/site\\\/?s={search_term_string}\"},\"query-input\":{\"@type\":\"PropertyValueSpecification\",\"valueRequired\":true,\"valueName\":\"search_term_string\"}}],\"inLanguage\":\"pt-BR\"},{\"@type\":\"Organization\",\"@id\":\"https:\\\/\\\/brunasilverio.com.br\\\/site\\\/#organization\",\"name\":\"BS BRUNA SILVERIO\",\"alternateName\":\"BS BRASIL\",\"url\":\"https:\\\/\\\/brunasilverio.com.br\\\/site\\\/\",\"logo\":{\"@type\":\"ImageObject\",\"inLanguage\":\"pt-BR\",\"@id\":\"https:\\\/\\\/brunasilverio.com.br\\\/site\\\/#\\\/schema\\\/logo\\\/image\\\/\",\"url\":\"https:\\\/\\\/i0.wp.com\\\/brunasilverio.com.br\\\/site\\\/wp-content\\\/uploads\\\/2023\\\/03\\\/logo-bs-rosa.jpg?fit=905%2C1102&ssl=1\",\"contentUrl\":\"https:\\\/\\\/i0.wp.com\\\/brunasilverio.com.br\\\/site\\\/wp-content\\\/uploads\\\/2023\\\/03\\\/logo-bs-rosa.jpg?fit=905%2C1102&ssl=1\",\"width\":905,\"height\":1102,\"caption\":\"BS BRUNA SILVERIO\"},\"image\":{\"@id\":\"https:\\\/\\\/brunasilverio.com.br\\\/site\\\/#\\\/schema\\\/logo\\\/image\\\/\"},\"sameAs\":[\"https:\\\/\\\/www.facebook.com\\\/BSBRUNASILVERIO\",\"https:\\\/\\\/www.instagram.com\\\/bs.brasil\\\/\",\"https:\\\/\\\/www.tiktok.com\\\/@bs.brasil\"]}]}<\/script>\n<!-- \/ Yoast SEO plugin. -->","yoast_head_json":{"title":"Sand\u00e1lia Branca Verniz Bananinha Strass Bico Folha Salto Agulha 10cm BS BRUNA SILVERIO -","description":"Sapato feminino modelo sand\u00e1lia de salto alto agulha 10cm, bico folha. Sand\u00e1lia Branca Verniz Bananinha Strass, modelo estruturado com design elegante.","robots":{"index":"index","follow":"follow","max-snippet":"max-snippet:-1","max-image-preview":"max-image-preview:large","max-video-preview":"max-video-preview:-1"},"canonical":"https:\/\/brunasilverio.com.br\/site\/produto\/sandalia-branca-verniz-bananinha-strass\/","og_locale":"pt_BR","og_type":"article","og_title":"Sand\u00e1lia Branca Verniz Bananinha Strass Bico Folha Salto Agulha 10cm","og_description":"A Sand\u00e1lia Branca Verniz Bananinha Strass, conta com\u00a0 salto alto agulha 10cm e bico folha. Sand\u00e1lia aberta, traz cabedal com recorte arredondado e cavado exibindo todo o peito do p\u00e9 e levemente o inicio dos dedos, formato ajustado nas laterais. Com o interior na cor do cabedal e exibi\u00e7\u00e3o da Logo em hotstamping na cor branca.","og_url":"https:\/\/brunasilverio.com.br\/site\/produto\/sandalia-branca-verniz-bananinha-strass\/","og_site_name":"BS BRUNA SILVERIO","article_publisher":"https:\/\/www.facebook.com\/BSBRUNASILVERIO","article_modified_time":"2026-04-08T11:26:59+00:00","og_image":[{"width":1440,"height":1914,"url":"https:\/\/brunasilverio.com.br\/site\/wp-content\/uploads\/2025\/12\/SANDALIA-BRANCA-BANANINHA-STRASS-2.jpg","type":"image\/jpeg"}],"twitter_card":"summary_large_image","twitter_misc":{"Est. tempo de leitura":"2 minutos"},"schema":{"@context":"https:\/\/schema.org","@graph":[{"@type":"WebPage","@id":"https:\/\/brunasilverio.com.br\/site\/produto\/sandalia-branca-verniz-bananinha-strass\/","url":"https:\/\/brunasilverio.com.br\/site\/produto\/sandalia-branca-verniz-bananinha-strass\/","name":"Sand\u00e1lia Branca Verniz Bananinha Strass Bico Folha Salto Agulha 10cm BS BRUNA SILVERIO -","isPartOf":{"@id":"https:\/\/brunasilverio.com.br\/site\/#website"},"primaryImageOfPage":{"@id":"https:\/\/brunasilverio.com.br\/site\/produto\/sandalia-branca-verniz-bananinha-strass\/#primaryimage"},"image":{"@id":"https:\/\/brunasilverio.com.br\/site\/produto\/sandalia-branca-verniz-bananinha-strass\/#primaryimage"},"thumbnailUrl":"https:\/\/i0.wp.com\/brunasilverio.com.br\/site\/wp-content\/uploads\/2025\/12\/SANDALIA-BRANCA-BANANINHA-STRASS-2.jpg?fit=1440%2C1914&ssl=1","datePublished":"2025-12-09T15:53:21+00:00","dateModified":"2026-04-08T11:26:59+00:00","description":"Sapato feminino modelo sand\u00e1lia de salto alto agulha 10cm, bico folha. Sand\u00e1lia Branca Verniz Bananinha Strass, modelo estruturado com design elegante.","breadcrumb":{"@id":"https:\/\/brunasilverio.com.br\/site\/produto\/sandalia-branca-verniz-bananinha-strass\/#breadcrumb"},"inLanguage":"pt-BR","potentialAction":[{"@type":"ReadAction","target":["https:\/\/brunasilverio.com.br\/site\/produto\/sandalia-branca-verniz-bananinha-strass\/"]}]},{"@type":"ImageObject","inLanguage":"pt-BR","@id":"https:\/\/brunasilverio.com.br\/site\/produto\/sandalia-branca-verniz-bananinha-strass\/#primaryimage","url":"https:\/\/i0.wp.com\/brunasilverio.com.br\/site\/wp-content\/uploads\/2025\/12\/SANDALIA-BRANCA-BANANINHA-STRASS-2.jpg?fit=1440%2C1914&ssl=1","contentUrl":"https:\/\/i0.wp.com\/brunasilverio.com.br\/site\/wp-content\/uploads\/2025\/12\/SANDALIA-BRANCA-BANANINHA-STRASS-2.jpg?fit=1440%2C1914&ssl=1","width":1440,"height":1914,"caption":"SANDALIA BRANCA BANANINHA STRASS"},{"@type":"BreadcrumbList","@id":"https:\/\/brunasilverio.com.br\/site\/produto\/sandalia-branca-verniz-bananinha-strass\/#breadcrumb","itemListElement":[{"@type":"ListItem","position":1,"name":"In\u00edcio","item":"https:\/\/brunasilverio.com.br\/site\/"},{"@type":"ListItem","position":2,"name":"Loja","item":"https:\/\/brunasilverio.com.br\/site\/loja\/"},{"@type":"ListItem","position":3,"name":"Sand\u00e1lia Branca Verniz Bananinha Strass Bico Folha Salto Agulha 10cm"}]},{"@type":"WebSite","@id":"https:\/\/brunasilverio.com.br\/site\/#website","url":"https:\/\/brunasilverio.com.br\/site\/","name":"BS BRUNA SILVERIO","description":"SCARPIN FEMININO SALTO ALTO, SALTO M\u00c9DIO E SALTO BAIXO","publisher":{"@id":"https:\/\/brunasilverio.com.br\/site\/#organization"},"alternateName":"BS BRASIL","potentialAction":[{"@type":"SearchAction","target":{"@type":"EntryPoint","urlTemplate":"https:\/\/brunasilverio.com.br\/site\/?s={search_term_string}"},"query-input":{"@type":"PropertyValueSpecification","valueRequired":true,"valueName":"search_term_string"}}],"inLanguage":"pt-BR"},{"@type":"Organization","@id":"https:\/\/brunasilverio.com.br\/site\/#organization","name":"BS BRUNA SILVERIO","alternateName":"BS BRASIL","url":"https:\/\/brunasilverio.com.br\/site\/","logo":{"@type":"ImageObject","inLanguage":"pt-BR","@id":"https:\/\/brunasilverio.com.br\/site\/#\/schema\/logo\/image\/","url":"https:\/\/i0.wp.com\/brunasilverio.com.br\/site\/wp-content\/uploads\/2023\/03\/logo-bs-rosa.jpg?fit=905%2C1102&ssl=1","contentUrl":"https:\/\/i0.wp.com\/brunasilverio.com.br\/site\/wp-content\/uploads\/2023\/03\/logo-bs-rosa.jpg?fit=905%2C1102&ssl=1","width":905,"height":1102,"caption":"BS BRUNA SILVERIO"},"image":{"@id":"https:\/\/brunasilverio.com.br\/site\/#\/schema\/logo\/image\/"},"sameAs":["https:\/\/www.facebook.com\/BSBRUNASILVERIO","https:\/\/www.instagram.com\/bs.brasil\/","https:\/\/www.tiktok.com\/@bs.brasil"]}]}},"jetpack_sharing_enabled":true,"_links":{"self":[{"href":"https:\/\/brunasilverio.com.br\/site\/wp-json\/wp\/v2\/product\/8909","targetHints":{"allow":["GET"]}}],"collection":[{"href":"https:\/\/brunasilverio.com.br\/site\/wp-json\/wp\/v2\/product"}],"about":[{"href":"https:\/\/brunasilverio.com.br\/site\/wp-json\/wp\/v2\/types\/product"}],"version-history":[{"count":4,"href":"https:\/\/brunasilverio.com.br\/site\/wp-json\/wp\/v2\/product\/8909\/revisions"}],"predecessor-version":[{"id":8920,"href":"https:\/\/brunasilverio.com.br\/site\/wp-json\/wp\/v2\/product\/8909\/revisions\/8920"}],"wp:featuredmedia":[{"embeddable":true,"href":"https:\/\/brunasilverio.com.br\/site\/wp-json\/wp\/v2\/media\/8917"}],"wp:attachment":[{"href":"https:\/\/brunasilverio.com.br\/site\/wp-json\/wp\/v2\/media?parent=8909"}],"wp:term":[{"taxonomy":"product_brand","embeddable":true,"href":"https:\/\/brunasilverio.com.br\/site\/wp-json\/wp\/v2\/product_brand?post=8909"},{"taxonomy":"product_cat","embeddable":true,"href":"https:\/\/brunasilverio.com.br\/site\/wp-json\/wp\/v2\/product_cat?post=8909"},{"taxonomy":"product_tag","embeddable":true,"href":"https:\/\/brunasilverio.com.br\/site\/wp-json\/wp\/v2\/product_tag?post=8909"}],"curies":[{"name":"wp","href":"https:\/\/api.w.org\/{rel}","templated":true}]}}