{"id":2635,"date":"2021-04-15T14:41:08","date_gmt":"2021-04-15T17:41:08","guid":{"rendered":"https:\/\/brunasilverio.com.br\/site\/?post_type=product&#038;p=2635"},"modified":"2026-04-08T08:26:59","modified_gmt":"2026-04-08T11:26:59","slug":"scarpin-preto-nobuck-salto-agulha-12cm","status":"publish","type":"product","link":"https:\/\/brunasilverio.com.br\/site\/produto\/scarpin-preto-nobuck-salto-agulha-12cm\/","title":{"rendered":"Scarpin Preto Nobuck Salto Agulha 12cm"},"content":{"rendered":"<div class=\"sc-kwDKJy kFsUwx\">\n<p><span class=\"characteristic-name\">Primordialmente o Scarpin Preto Nobuck<\/span>, traz cabedal em couro Verniz, com\u00a0 salto alto agulha e bico fino. Sapato fechado, bem como traz cabedal com recorte arredondado e cavado exibindo todo o peito do p\u00e9 e levemente o inicio dos dedos, formato ajustado nas laterais. Com o interior na cor nude juntamente com exibi\u00e7\u00e3o da Logo BS em hotstamping na cor ouro ligth. Ainda assim, exibe todo o peito do p\u00e9.<\/p>\n<\/div>\n<div class=\"sc-kwDKJy kFsUwx\">\n<p>Combinando eleg\u00e2ncia simples com linhas limpas, o Scarpin Preto Nobuck \u00e9 um Cl\u00e1ssico e se tornou um verdadeiro \u00edcone mundial no Closet de qualquer mulher. O modelo conta com um corte cavado que envolve suavemente o p\u00e9, mergulhando at\u00e9 um decote frontal revelador que termina em um belo bico fino estruturado com design elegante. A parte superior traseira esbanja sofistica\u00e7\u00e3o, contando com um salto agulha de 12 cm que alonga qualquer silhueta.<\/p>\n<\/div>\n<div class=\"sc-kwDKJy kFsUwx\">\n<h4 class=\"general-info__title\">POR QUE APOSTAR?<\/h4>\n<\/div>\n<div class=\"sc-kwDKJy kFsUwx\">\n<div class=\"general-info__children\"><span dir=\"auto\" style=\"vertical-align: inherit;\"><span dir=\"auto\" style=\"vertical-align: inherit;\">Primeiramente Scarpin Preto Nobuck \u00e9 um cl\u00e1ssico, que combina com os mais variados estilos e ocasi\u00f5es! Vers\u00e1til, ela aparece em v\u00e1rios tons, seguindo as tend\u00eancias da temporada. Aquele item atemporal para se ter sempre em seu Closet, ainda mais que vai bem com qualquer look, do mais simples como o Jeans ao look de gala.<\/span><\/span><\/div>\n<\/div>\n<div><\/div>\n<div>\n<h4>DICAS IMPORTANTES:<\/h4>\n<\/div>\n<div>\n<ul>\n<li><strong>N\u00e3o me\u00e7a seu p\u00e9 estando cal\u00e7ado<\/strong>.<\/li>\n<li>Tome como base sua sapateira se nela contem mais sapatinhos 36, compre sempre o 36.<\/li>\n<\/ul>\n<\/div>\n<div>\n<ul>\n<li>Antes de uma ocasi\u00e3o importante,\u00a0<strong>recomendamos cal\u00e7ar seu sapatinho rec\u00e9m adquirido com uma meia fina <\/strong>e andar com ele pela casa.<\/li>\n<li><strong><span dir=\"auto\" style=\"vertical-align: inherit;\"><span dir=\"auto\" style=\"vertical-align: inherit;\">Em hip\u00f3tese alguma compre um sapatinho em tamanho menor<\/span><\/span><\/strong><span dir=\"auto\" style=\"vertical-align: inherit;\"><span dir=\"auto\" style=\"vertical-align: inherit;\"> que voc\u00ea est\u00e1 acostumado a cal\u00e7ar.<\/span><\/span><\/li>\n<\/ul>\n<p><span dir=\"auto\" style=\"vertical-align: inherit;\"><span dir=\"auto\" style=\"vertical-align: inherit;\"><span dir=\"auto\" style=\"vertical-align: inherit;\"><span dir=\"auto\" style=\"vertical-align: inherit;\">Noivinhas e Debutantes, sabemos que o grande dia tem que ser muito especial, diante disso n\u00e3o se prenda a est\u00e9tica do salto 12cm, A princ\u00edpio aposte no salto 10cm que lhe trar\u00e1 sofistica\u00e7\u00e3o e conforto para aproveitar seu dia t\u00e3o especial.<\/span><\/span><\/span><\/span><\/p>\n<h4>DETALHES DO PRODUTO<\/h4>\n<\/div>\n<p><span class=\"characteristic-name\">Material:<\/span> Couro Nobuck<\/p>\n<div class=\"sc-kJQYTp glMtMY\">\n<div class=\"sc-kwDKJy kFsUwx\">\n<div class=\"general-info__children\">\n<p data-testid=\"ta-product-details__color\"><span class=\"characteristic-name\">Cor:<\/span> Preto<\/p>\n<p data-testid=\"ta-product-details__heel-size\"><span class=\"characteristic-name\">Altura do salto na Foto:<\/span> 12cm<\/p>\n<\/div>\n<\/div>\n<\/div>\n<div class=\"sc-kJQYTp glMtMY\">\n<div class=\"sc-kwDKJy kFsUwx\">\n<div class=\"general-info__children\">\n<p class=\"characteristic-description__highlight-text\" data-testid=\"ta-product-information__SKU\"><span class=\"characteristic-name\">Refer\u00eancia: 2021001-19<\/span><\/p>\n<\/div>\n<\/div>\n<\/div>\n","protected":false},"excerpt":{"rendered":"<p style=\"text-align: left;\"><span class=\"characteristic-name\">O Scarpin Preto Nobuck,<\/span> conta com\u00a0 salto alto agulha e bico fino. Sapato fechado, traz cabedal com recorte arredondado e cavado exibindo todo o peito do p\u00e9 e levemente o inicio dos dedos, formato ajustado nas laterais. Com o interior na cor nude e exibi\u00e7\u00e3o da Logo BS em hotstamping na cor ouro ligth.<\/p>\n","protected":false},"featured_media":7384,"template":"","meta":{"ocean_post_layout":"","ocean_both_sidebars_style":"","ocean_both_sidebars_content_width":0,"ocean_both_sidebars_sidebars_width":0,"ocean_sidebar":"0","ocean_second_sidebar":"0","ocean_disable_margins":"enable","ocean_add_body_class":"","ocean_shortcode_before_top_bar":"","ocean_shortcode_after_top_bar":"","ocean_shortcode_before_header":"","ocean_shortcode_after_header":"","ocean_has_shortcode":"","ocean_shortcode_after_title":"","ocean_shortcode_before_footer_widgets":"","ocean_shortcode_after_footer_widgets":"","ocean_shortcode_before_footer_bottom":"","ocean_shortcode_after_footer_bottom":"","ocean_display_top_bar":"default","ocean_display_header":"default","ocean_header_style":"","ocean_center_header_left_menu":"0","ocean_custom_header_template":"0","ocean_custom_logo":0,"ocean_custom_retina_logo":0,"ocean_custom_logo_max_width":0,"ocean_custom_logo_tablet_max_width":0,"ocean_custom_logo_mobile_max_width":0,"ocean_custom_logo_max_height":0,"ocean_custom_logo_tablet_max_height":0,"ocean_custom_logo_mobile_max_height":0,"ocean_header_custom_menu":"0","ocean_menu_typo_font_family":"0","ocean_menu_typo_font_subset":"","ocean_menu_typo_font_size":0,"ocean_menu_typo_font_size_tablet":0,"ocean_menu_typo_font_size_mobile":0,"ocean_menu_typo_font_size_unit":"px","ocean_menu_typo_font_weight":"","ocean_menu_typo_font_weight_tablet":"","ocean_menu_typo_font_weight_mobile":"","ocean_menu_typo_transform":"","ocean_menu_typo_transform_tablet":"","ocean_menu_typo_transform_mobile":"","ocean_menu_typo_line_height":0,"ocean_menu_typo_line_height_tablet":0,"ocean_menu_typo_line_height_mobile":0,"ocean_menu_typo_line_height_unit":"","ocean_menu_typo_spacing":0,"ocean_menu_typo_spacing_tablet":0,"ocean_menu_typo_spacing_mobile":0,"ocean_menu_typo_spacing_unit":"","ocean_menu_link_color":"","ocean_menu_link_color_hover":"","ocean_menu_link_color_active":"","ocean_menu_link_background":"","ocean_menu_link_hover_background":"","ocean_menu_link_active_background":"","ocean_menu_social_links_bg":"","ocean_menu_social_hover_links_bg":"","ocean_menu_social_links_color":"","ocean_menu_social_hover_links_color":"","ocean_disable_title":"on","ocean_disable_heading":"default","ocean_post_title":"","ocean_post_subheading":"","ocean_post_title_style":"","ocean_post_title_background_color":"","ocean_post_title_background":0,"ocean_post_title_bg_image_position":"","ocean_post_title_bg_image_attachment":"","ocean_post_title_bg_image_repeat":"","ocean_post_title_bg_image_size":"","ocean_post_title_height":0,"ocean_post_title_bg_overlay":0.5,"ocean_post_title_bg_overlay_color":"","ocean_disable_breadcrumbs":"default","ocean_breadcrumbs_color":"","ocean_breadcrumbs_separator_color":"","ocean_breadcrumbs_links_color":"","ocean_breadcrumbs_links_hover_color":"","ocean_display_footer_widgets":"default","ocean_display_footer_bottom":"default","ocean_custom_footer_template":"0","_joinchat":[]},"product_brand":[327],"product_cat":[15,35],"product_tag":[45,148,63,64,335,137],"class_list":{"0":"post-2635","1":"product","2":"type-product","3":"status-publish","4":"has-post-thumbnail","6":"product_brand-bs-brasil","7":"product_cat-ver-todos","8":"product_cat-scarpin","9":"product_tag-12cm","10":"product_tag-camurca","11":"product_tag-classic","12":"product_tag-preto","13":"product_tag-salto-agulha","14":"product_tag-scarpin","15":"product_shipping_class-produto-disponivel-sob-encomenda-30-dias","17":"entry","18":"has-media","20":"first","21":"onbackorder","22":"shipping-taxable","23":"purchasable","24":"product-type-variable","25":"has-default-attributes","26":"col","27":"span_1_of_4","28":"owp-content-center","29":"owp-thumbs-layout-horizontal","30":"owp-btn-big","31":"owp-tabs-layout-section"},"yoast_head":"<!-- This site is optimized with the Yoast SEO plugin v27.5 - https:\/\/yoast.com\/product\/yoast-seo-wordpress\/ -->\n<title>Scarpin Preto Nobuck Salto Agulha 12cm - BS BRUNA SILVERIO<\/title>\n<meta name=\"description\" content=\"SCARPIN PRETO NOBUCK, salto alto 12 cm agulha, bico fino, cavado na parte da frente (aparece parte dos dedos), recorte arredondado e com design elegante.\" \/>\n<meta name=\"robots\" content=\"index, follow, max-snippet:-1, max-image-preview:large, max-video-preview:-1\" \/>\n<link rel=\"canonical\" href=\"https:\/\/brunasilverio.com.br\/site\/produto\/scarpin-preto-nobuck-salto-agulha-12cm\/\" \/>\n<meta property=\"og:locale\" content=\"pt_BR\" \/>\n<meta property=\"og:type\" content=\"article\" \/>\n<meta property=\"og:title\" content=\"Scarpin Preto Nobuck Salto Agulha 12cm - BS BRUNA SILVERIO\" \/>\n<meta property=\"og:description\" content=\"SCARPIN PRETO NOBUCK, salto alto 12 cm agulha, bico fino, cavado na parte da frente (aparece parte dos dedos), recorte arredondado e com design elegante.\" \/>\n<meta property=\"og:url\" content=\"https:\/\/brunasilverio.com.br\/site\/produto\/scarpin-preto-nobuck-salto-agulha-12cm\/\" \/>\n<meta property=\"og:site_name\" content=\"BS BRUNA SILVERIO\" \/>\n<meta property=\"article:publisher\" content=\"https:\/\/www.facebook.com\/BSBRUNASILVERIO\" \/>\n<meta property=\"article:modified_time\" content=\"2026-04-08T11:26:59+00:00\" \/>\n<meta property=\"og:image\" content=\"https:\/\/brunasilverio.com.br\/site\/wp-content\/uploads\/2023\/11\/395744413_18300436237193850_2105037914384149431_n.jpg\" \/>\n\t<meta property=\"og:image:width\" content=\"1283\" \/>\n\t<meta property=\"og:image:height\" content=\"1258\" \/>\n\t<meta property=\"og:image:type\" content=\"image\/jpeg\" \/>\n<meta name=\"twitter:card\" content=\"summary_large_image\" \/>\n<meta name=\"twitter:label1\" content=\"Est. tempo de leitura\" \/>\n\t<meta name=\"twitter:data1\" content=\"2 minutos\" \/>\n<script type=\"application\/ld+json\" class=\"yoast-schema-graph\">{\"@context\":\"https:\\\/\\\/schema.org\",\"@graph\":[{\"@type\":\"WebPage\",\"@id\":\"https:\\\/\\\/brunasilverio.com.br\\\/site\\\/produto\\\/scarpin-preto-nobuck-salto-agulha-12cm\\\/\",\"url\":\"https:\\\/\\\/brunasilverio.com.br\\\/site\\\/produto\\\/scarpin-preto-nobuck-salto-agulha-12cm\\\/\",\"name\":\"Scarpin Preto Nobuck Salto Agulha 12cm - BS BRUNA SILVERIO\",\"isPartOf\":{\"@id\":\"https:\\\/\\\/brunasilverio.com.br\\\/site\\\/#website\"},\"primaryImageOfPage\":{\"@id\":\"https:\\\/\\\/brunasilverio.com.br\\\/site\\\/produto\\\/scarpin-preto-nobuck-salto-agulha-12cm\\\/#primaryimage\"},\"image\":{\"@id\":\"https:\\\/\\\/brunasilverio.com.br\\\/site\\\/produto\\\/scarpin-preto-nobuck-salto-agulha-12cm\\\/#primaryimage\"},\"thumbnailUrl\":\"https:\\\/\\\/i0.wp.com\\\/brunasilverio.com.br\\\/site\\\/wp-content\\\/uploads\\\/2023\\\/11\\\/395744413_18300436237193850_2105037914384149431_n.jpg?fit=1283%2C1258&ssl=1\",\"datePublished\":\"2021-04-15T17:41:08+00:00\",\"dateModified\":\"2026-04-08T11:26:59+00:00\",\"description\":\"SCARPIN PRETO NOBUCK, salto alto 12 cm agulha, bico fino, cavado na parte da frente (aparece parte dos dedos), recorte arredondado e com design elegante.\",\"breadcrumb\":{\"@id\":\"https:\\\/\\\/brunasilverio.com.br\\\/site\\\/produto\\\/scarpin-preto-nobuck-salto-agulha-12cm\\\/#breadcrumb\"},\"inLanguage\":\"pt-BR\",\"potentialAction\":[{\"@type\":\"ReadAction\",\"target\":[\"https:\\\/\\\/brunasilverio.com.br\\\/site\\\/produto\\\/scarpin-preto-nobuck-salto-agulha-12cm\\\/\"]}]},{\"@type\":\"ImageObject\",\"inLanguage\":\"pt-BR\",\"@id\":\"https:\\\/\\\/brunasilverio.com.br\\\/site\\\/produto\\\/scarpin-preto-nobuck-salto-agulha-12cm\\\/#primaryimage\",\"url\":\"https:\\\/\\\/i0.wp.com\\\/brunasilverio.com.br\\\/site\\\/wp-content\\\/uploads\\\/2023\\\/11\\\/395744413_18300436237193850_2105037914384149431_n.jpg?fit=1283%2C1258&ssl=1\",\"contentUrl\":\"https:\\\/\\\/i0.wp.com\\\/brunasilverio.com.br\\\/site\\\/wp-content\\\/uploads\\\/2023\\\/11\\\/395744413_18300436237193850_2105037914384149431_n.jpg?fit=1283%2C1258&ssl=1\",\"width\":1283,\"height\":1258},{\"@type\":\"BreadcrumbList\",\"@id\":\"https:\\\/\\\/brunasilverio.com.br\\\/site\\\/produto\\\/scarpin-preto-nobuck-salto-agulha-12cm\\\/#breadcrumb\",\"itemListElement\":[{\"@type\":\"ListItem\",\"position\":1,\"name\":\"In\u00edcio\",\"item\":\"https:\\\/\\\/brunasilverio.com.br\\\/site\\\/\"},{\"@type\":\"ListItem\",\"position\":2,\"name\":\"Loja\",\"item\":\"https:\\\/\\\/brunasilverio.com.br\\\/site\\\/loja\\\/\"},{\"@type\":\"ListItem\",\"position\":3,\"name\":\"Scarpin Preto Nobuck Salto Agulha 12cm\"}]},{\"@type\":\"WebSite\",\"@id\":\"https:\\\/\\\/brunasilverio.com.br\\\/site\\\/#website\",\"url\":\"https:\\\/\\\/brunasilverio.com.br\\\/site\\\/\",\"name\":\"BS BRUNA SILVERIO\",\"description\":\"SCARPIN FEMININO SALTO ALTO, SALTO M\u00c9DIO E SALTO BAIXO\",\"publisher\":{\"@id\":\"https:\\\/\\\/brunasilverio.com.br\\\/site\\\/#organization\"},\"alternateName\":\"BS BRASIL\",\"potentialAction\":[{\"@type\":\"SearchAction\",\"target\":{\"@type\":\"EntryPoint\",\"urlTemplate\":\"https:\\\/\\\/brunasilverio.com.br\\\/site\\\/?s={search_term_string}\"},\"query-input\":{\"@type\":\"PropertyValueSpecification\",\"valueRequired\":true,\"valueName\":\"search_term_string\"}}],\"inLanguage\":\"pt-BR\"},{\"@type\":\"Organization\",\"@id\":\"https:\\\/\\\/brunasilverio.com.br\\\/site\\\/#organization\",\"name\":\"BS BRUNA SILVERIO\",\"alternateName\":\"BS BRASIL\",\"url\":\"https:\\\/\\\/brunasilverio.com.br\\\/site\\\/\",\"logo\":{\"@type\":\"ImageObject\",\"inLanguage\":\"pt-BR\",\"@id\":\"https:\\\/\\\/brunasilverio.com.br\\\/site\\\/#\\\/schema\\\/logo\\\/image\\\/\",\"url\":\"https:\\\/\\\/i0.wp.com\\\/brunasilverio.com.br\\\/site\\\/wp-content\\\/uploads\\\/2023\\\/03\\\/logo-bs-rosa.jpg?fit=905%2C1102&ssl=1\",\"contentUrl\":\"https:\\\/\\\/i0.wp.com\\\/brunasilverio.com.br\\\/site\\\/wp-content\\\/uploads\\\/2023\\\/03\\\/logo-bs-rosa.jpg?fit=905%2C1102&ssl=1\",\"width\":905,\"height\":1102,\"caption\":\"BS BRUNA SILVERIO\"},\"image\":{\"@id\":\"https:\\\/\\\/brunasilverio.com.br\\\/site\\\/#\\\/schema\\\/logo\\\/image\\\/\"},\"sameAs\":[\"https:\\\/\\\/www.facebook.com\\\/BSBRUNASILVERIO\",\"https:\\\/\\\/www.instagram.com\\\/bs.brasil\\\/\",\"https:\\\/\\\/www.tiktok.com\\\/@bs.brasil\"]}]}<\/script>\n<!-- \/ Yoast SEO plugin. -->","yoast_head_json":{"title":"Scarpin Preto Nobuck Salto Agulha 12cm - BS BRUNA SILVERIO","description":"SCARPIN PRETO NOBUCK, salto alto 12 cm agulha, bico fino, cavado na parte da frente (aparece parte dos dedos), recorte arredondado e com design elegante.","robots":{"index":"index","follow":"follow","max-snippet":"max-snippet:-1","max-image-preview":"max-image-preview:large","max-video-preview":"max-video-preview:-1"},"canonical":"https:\/\/brunasilverio.com.br\/site\/produto\/scarpin-preto-nobuck-salto-agulha-12cm\/","og_locale":"pt_BR","og_type":"article","og_title":"Scarpin Preto Nobuck Salto Agulha 12cm - BS BRUNA SILVERIO","og_description":"SCARPIN PRETO NOBUCK, salto alto 12 cm agulha, bico fino, cavado na parte da frente (aparece parte dos dedos), recorte arredondado e com design elegante.","og_url":"https:\/\/brunasilverio.com.br\/site\/produto\/scarpin-preto-nobuck-salto-agulha-12cm\/","og_site_name":"BS BRUNA SILVERIO","article_publisher":"https:\/\/www.facebook.com\/BSBRUNASILVERIO","article_modified_time":"2026-04-08T11:26:59+00:00","og_image":[{"width":1283,"height":1258,"url":"https:\/\/brunasilverio.com.br\/site\/wp-content\/uploads\/2023\/11\/395744413_18300436237193850_2105037914384149431_n.jpg","type":"image\/jpeg"}],"twitter_card":"summary_large_image","twitter_misc":{"Est. tempo de leitura":"2 minutos"},"schema":{"@context":"https:\/\/schema.org","@graph":[{"@type":"WebPage","@id":"https:\/\/brunasilverio.com.br\/site\/produto\/scarpin-preto-nobuck-salto-agulha-12cm\/","url":"https:\/\/brunasilverio.com.br\/site\/produto\/scarpin-preto-nobuck-salto-agulha-12cm\/","name":"Scarpin Preto Nobuck Salto Agulha 12cm - BS BRUNA SILVERIO","isPartOf":{"@id":"https:\/\/brunasilverio.com.br\/site\/#website"},"primaryImageOfPage":{"@id":"https:\/\/brunasilverio.com.br\/site\/produto\/scarpin-preto-nobuck-salto-agulha-12cm\/#primaryimage"},"image":{"@id":"https:\/\/brunasilverio.com.br\/site\/produto\/scarpin-preto-nobuck-salto-agulha-12cm\/#primaryimage"},"thumbnailUrl":"https:\/\/i0.wp.com\/brunasilverio.com.br\/site\/wp-content\/uploads\/2023\/11\/395744413_18300436237193850_2105037914384149431_n.jpg?fit=1283%2C1258&ssl=1","datePublished":"2021-04-15T17:41:08+00:00","dateModified":"2026-04-08T11:26:59+00:00","description":"SCARPIN PRETO NOBUCK, salto alto 12 cm agulha, bico fino, cavado na parte da frente (aparece parte dos dedos), recorte arredondado e com design elegante.","breadcrumb":{"@id":"https:\/\/brunasilverio.com.br\/site\/produto\/scarpin-preto-nobuck-salto-agulha-12cm\/#breadcrumb"},"inLanguage":"pt-BR","potentialAction":[{"@type":"ReadAction","target":["https:\/\/brunasilverio.com.br\/site\/produto\/scarpin-preto-nobuck-salto-agulha-12cm\/"]}]},{"@type":"ImageObject","inLanguage":"pt-BR","@id":"https:\/\/brunasilverio.com.br\/site\/produto\/scarpin-preto-nobuck-salto-agulha-12cm\/#primaryimage","url":"https:\/\/i0.wp.com\/brunasilverio.com.br\/site\/wp-content\/uploads\/2023\/11\/395744413_18300436237193850_2105037914384149431_n.jpg?fit=1283%2C1258&ssl=1","contentUrl":"https:\/\/i0.wp.com\/brunasilverio.com.br\/site\/wp-content\/uploads\/2023\/11\/395744413_18300436237193850_2105037914384149431_n.jpg?fit=1283%2C1258&ssl=1","width":1283,"height":1258},{"@type":"BreadcrumbList","@id":"https:\/\/brunasilverio.com.br\/site\/produto\/scarpin-preto-nobuck-salto-agulha-12cm\/#breadcrumb","itemListElement":[{"@type":"ListItem","position":1,"name":"In\u00edcio","item":"https:\/\/brunasilverio.com.br\/site\/"},{"@type":"ListItem","position":2,"name":"Loja","item":"https:\/\/brunasilverio.com.br\/site\/loja\/"},{"@type":"ListItem","position":3,"name":"Scarpin Preto Nobuck Salto Agulha 12cm"}]},{"@type":"WebSite","@id":"https:\/\/brunasilverio.com.br\/site\/#website","url":"https:\/\/brunasilverio.com.br\/site\/","name":"BS BRUNA SILVERIO","description":"SCARPIN FEMININO SALTO ALTO, SALTO M\u00c9DIO E SALTO BAIXO","publisher":{"@id":"https:\/\/brunasilverio.com.br\/site\/#organization"},"alternateName":"BS BRASIL","potentialAction":[{"@type":"SearchAction","target":{"@type":"EntryPoint","urlTemplate":"https:\/\/brunasilverio.com.br\/site\/?s={search_term_string}"},"query-input":{"@type":"PropertyValueSpecification","valueRequired":true,"valueName":"search_term_string"}}],"inLanguage":"pt-BR"},{"@type":"Organization","@id":"https:\/\/brunasilverio.com.br\/site\/#organization","name":"BS BRUNA SILVERIO","alternateName":"BS BRASIL","url":"https:\/\/brunasilverio.com.br\/site\/","logo":{"@type":"ImageObject","inLanguage":"pt-BR","@id":"https:\/\/brunasilverio.com.br\/site\/#\/schema\/logo\/image\/","url":"https:\/\/i0.wp.com\/brunasilverio.com.br\/site\/wp-content\/uploads\/2023\/03\/logo-bs-rosa.jpg?fit=905%2C1102&ssl=1","contentUrl":"https:\/\/i0.wp.com\/brunasilverio.com.br\/site\/wp-content\/uploads\/2023\/03\/logo-bs-rosa.jpg?fit=905%2C1102&ssl=1","width":905,"height":1102,"caption":"BS BRUNA SILVERIO"},"image":{"@id":"https:\/\/brunasilverio.com.br\/site\/#\/schema\/logo\/image\/"},"sameAs":["https:\/\/www.facebook.com\/BSBRUNASILVERIO","https:\/\/www.instagram.com\/bs.brasil\/","https:\/\/www.tiktok.com\/@bs.brasil"]}]}},"jetpack_sharing_enabled":true,"_links":{"self":[{"href":"https:\/\/brunasilverio.com.br\/site\/wp-json\/wp\/v2\/product\/2635","targetHints":{"allow":["GET"]}}],"collection":[{"href":"https:\/\/brunasilverio.com.br\/site\/wp-json\/wp\/v2\/product"}],"about":[{"href":"https:\/\/brunasilverio.com.br\/site\/wp-json\/wp\/v2\/types\/product"}],"version-history":[{"count":3,"href":"https:\/\/brunasilverio.com.br\/site\/wp-json\/wp\/v2\/product\/2635\/revisions"}],"predecessor-version":[{"id":9065,"href":"https:\/\/brunasilverio.com.br\/site\/wp-json\/wp\/v2\/product\/2635\/revisions\/9065"}],"wp:featuredmedia":[{"embeddable":true,"href":"https:\/\/brunasilverio.com.br\/site\/wp-json\/wp\/v2\/media\/7384"}],"wp:attachment":[{"href":"https:\/\/brunasilverio.com.br\/site\/wp-json\/wp\/v2\/media?parent=2635"}],"wp:term":[{"taxonomy":"product_brand","embeddable":true,"href":"https:\/\/brunasilverio.com.br\/site\/wp-json\/wp\/v2\/product_brand?post=2635"},{"taxonomy":"product_cat","embeddable":true,"href":"https:\/\/brunasilverio.com.br\/site\/wp-json\/wp\/v2\/product_cat?post=2635"},{"taxonomy":"product_tag","embeddable":true,"href":"https:\/\/brunasilverio.com.br\/site\/wp-json\/wp\/v2\/product_tag?post=2635"}],"curies":[{"name":"wp","href":"https:\/\/api.w.org\/{rel}","templated":true}]}}